{"id":3,"date":"2019-09-12T11:07:48","date_gmt":"2019-09-12T11:07:48","guid":{"rendered":"http:\/\/bluesites.younik.pt\/?page_id=3"},"modified":"2023-12-18T17:44:27","modified_gmt":"2023-12-18T17:44:27","slug":"privacy-policy","status":"publish","type":"page","link":"https:\/\/bluesites.pt\/en\/privacy-policy\/","title":{"rendered":"Privacy Policy"},"content":{"rendered":"<div class=\"wpb-content-wrapper\"><\/p>\r\n<p>Todas as suas informa\u00e7\u00f5es pessoais recolhidas, ser\u00e3o usadas para o ajudar a tornar a sua visita no nosso site o mais produtiva e agrad\u00e1vel poss\u00edvel.<\/p>\r\n<p>A garantia da confidencialidade dos dados pessoais dos utilizadores do nosso site \u00e9 importante para a Blue Sites Telco.<\/p>\r\n<p>Todas as informa\u00e7\u00f5es pessoais relativas a membros, assinantes, clientes ou visitantes que usem a Blue Sites Telco ser\u00e3o tratadas em concord\u00e2ncia com a Lei da Prote\u00e7\u00e3o de Dados Pessoais de 26 de outubro de 1998 (Lei n.\u00ba 67\/98).<\/p>\r\n<p>A informa\u00e7\u00e3o pessoal recolhida pode incluir o seu nome, e-mail, n\u00famero de telefone e\/ou telem\u00f3vel, morada, data de nascimento e\/ou outros.<\/p>\r\n<p>O uso da Blue Sites Telco pressup\u00f5e a aceita\u00e7\u00e3o deste Acordo de privacidade. A equipa da Blue Sites Telco reserva-se ao direito de alterar este acordo sem aviso pr\u00e9vio. Deste modo, recomendamos que consulte a nossa pol\u00edtica de privacidade com regularidade de forma a estar sempre atualizado.<\/p>\r\n<p>&nbsp;<\/p>\r\n<h3>Os Cookies e Web Beacons<\/h3>\r\n<p>Utilizamos cookies para armazenar informa\u00e7\u00e3o, tais como as suas prefer\u00eancias pessoas quando visita o nosso website. Isto poder\u00e1 incluir um simples popup, ou uma liga\u00e7\u00e3o em v\u00e1rios servi\u00e7os que providenciamos, tais como f\u00f3runs.<\/p>\r\n<p>Voc\u00ea det\u00e9m o poder de desligar os seus cookies, nas op\u00e7\u00f5es do seu browser, ou efetuando altera\u00e7\u00f5es nas ferramentas de programas Anti-Virus, como o Norton Internet Security. No entanto, isso poder\u00e1 alterar a forma como interage com o nosso website, ou outros websites. Isso poder\u00e1 afetar ou n\u00e3o permitir que fa\u00e7a logins em programas, sites ou f\u00f3runs da nossa e de outras redes.<\/p>\r\n<p>&nbsp;<\/p>\r\n<h3>Liga\u00e7\u00f5es a Sites de terceiros<\/h3>\r\n<p>A Blue Sites Telco possui liga\u00e7\u00f5es para outros sites, os quais, a nosso ver, podem conter informa\u00e7\u00f5es \/ ferramentas \u00fateis para os nossos visitantes. A nossa pol\u00edtica de privacidade n\u00e3o \u00e9 aplicada a sites de terceiros, pelo que, caso visite outro site a partir do nosso dever\u00e1 ler a politica de privacidade do mesmo.<\/p>\r\n<p>N\u00e3o nos responsabilizamos pela pol\u00edtica de privacidade ou conte\u00fado presente nesses mesmos sites.<\/p>\r\n<p>&nbsp;<\/p>\r\n<h3>Contactos<\/h3>\r\n<p>A entidade respons\u00e1vel pela recolha e tratamento dos dados pessoais \u00e9 a empresa Blue Sites Telco. Se tiver alguma quest\u00e3o acerca da nossa pol\u00edtica de privacidade ou da informa\u00e7\u00e3o que temos sobre si entre em contacto connosco utilizando o email <a href=\"mailto:data@bluesites.pt\" target=\"_blank\" rel=\"noopener noreferrer\">data@bluesites.pt<\/a><\/p>\r\n[\/vc_column_text][\/vc_column][\/vc_row][vc_row css=&#8221;.vc_custom_1575280898533{margin-bottom: 0px !important;}&#8221;][vc_column][vc_empty_space height=&#8221;65px&#8221;][\/vc_column][\/vc_row][vc_row type=&#8221;full-width-section&#8221; css=&#8221;.vc_custom_1568382200361{margin-bottom: 0px !important;padding-top: 100px !important;padding-bottom: 100px !important;}&#8221; parallax_background=&#8221;&#8221;][vc_column][vc_custom_heading text=&#8221;Privacy Policy&#8221; font_container=&#8221;tag:h2|font_size:92|text_align:left|color:%234d4d4d|line_height:1&#8243; use_theme_fonts=&#8221;yes&#8221; css=&#8221;.vc_custom_1573483155682{margin-bottom: 5px !important;}&#8221;][\/vc_column][\/vc_row][vc_row][vc_column][vc_column_text]\r\n<p>All your personal information collected will be used to help you make your visit on our website as productive and enjoyable as possible.<\/p>\r\n<p>Ensuring the confidentiality of the personal data of users of our website is important to Blue Sites Telco.<\/p>\r\n<p>All personal information relating to members, subscribers, customers or visitors using Blue Sites Telco\u2019s website will be treated in accordance with the Personal Data Protection Act of October 26, 1998 (Law No. 67\/98).<\/p>\r\n<p>The personal information collected may include your name, email, telephone number and\/or mobile phone, address, date of birth and\/or others.<\/p>\r\n<p>The use of Blue Sites Telco\u2019s website presupposes acceptance of this Privacy Agreement. The Blue Sites Telco team reserves the right to change this agreement without notice. In this way, we recommend that you consult our privacy policy regularly so that you are always up to date.<\/p>\r\n<p>&nbsp;<\/p>\r\n<h3 class=\"wp-block-heading\">Cookies and Web Beacons<\/h3>\r\n<p>We use cookies to store information, such as your people preferences when you visit our website. This may include a simple popup, or a connection to various services we provide, such as forums.<\/p>\r\n<p>You have the power to turn off your cookies, in your browser options, or by making changes to anti-virus program tools such as Norton Internet Security. However, this may change how you interact with our website, or other websites. This may affect or not allow you to log in to our and other networks&#8217; programs, websites, or forums.<\/p>\r\n<p>&nbsp;<\/p>\r\n<h3>Links to third-party Sites<\/h3>\r\n<p>Blue Sites Telco has links to other websites, which in our view may contain useful information\/tools for our visitors. Our privacy policy is not applied to third-party websites, so if you visit another website from ours you should read your privacy policy.<\/p>\r\n<p>We are not responsible for the privacy policy or content present on those same sites.<\/p>\r\n<p>&nbsp;<\/p>\r\n<h3>Contacts<\/h3>\r\n<p>The entity responsible for the collection and processing of personal data is Blue Sites Telco. If you have any questions about our privacy policy or the information we have about you, contact us using the email <a href=\"mailto:data@bluesites.pt\" target=\"_blank\" rel=\"noopener noreferrer\">data@bluesites.pt<\/a>\u00a0<\/p>\r\n[\/vc_column_text][\/vc_column][\/vc_row][vc_row css=&#8221;.vc_custom_1575280912353{margin-bottom: 0px !important;}&#8221;][vc_column][vc_empty_space height=&#8221;65px&#8221;][\/vc_column][\/vc_row]<!-- \/wp:heading --><!-- wp:post-content -->[vc_row type=&#8221;full-width-section&#8221; css=&#8221;.vc_custom_1568382200361{margin-bottom: 0px !important;padding-top: 100px !important;padding-bottom: 100px !important;}&#8221; parallax_background=&#8221;&#8221;][vc_column][vc_custom_heading text=&#8221;Privacy Policy&#8221; font_container=&#8221;tag:h2|font_size:92|text_align:left|color:%234d4d4d|line_height:1&#8243; use_theme_fonts=&#8221;yes&#8221; css=&#8221;.vc_custom_1573483155682{margin-bottom: 5px !important;}&#8221;][\/vc_column][\/vc_row][vc_row][vc_column][vc_column_text]<!-- wp:heading --><\/p>\r\n<p>All your personal information collected will be used to help you make your visit on our website as productive and enjoyable as possible.<\/p>\r\n<p>Ensuring the confidentiality of the personal data of users of our website is important to Blue Sites Telco.<\/p>\r\n<p>All personal information relating to members, subscribers, customers or visitors using Blue Sites Telco\u2019s website will be treated in accordance with the Personal Data Protection Act of October 26, 1998 (Law No. 67\/98).<\/p>\r\n<p>The personal information collected may include your name, email, telephone number and\/or mobile phone, address, date of birth and\/or others.<\/p>\r\n<p>The use of Blue Sites Telco\u2019s website presupposes acceptance of this Privacy Agreement. The Blue Sites Telco team reserves the right to change this agreement without notice. In this way, we recommend that you consult our privacy policy regularly so that you are always up to date.<\/p>\r\n<p>&nbsp;<\/p>\r\n<h3>Cookies and Web Beacons<\/h3>\r\n<p>We use cookies to store information, such as your people preferences when you visit our website. This may include a simple popup, or a connection to various services we provide, such as forums.<\/p>\r\n<p>You have the power to turn off your cookies, in your browser options, or by making changes to anti-virus program tools such as Norton Internet Security. However, this may change how you interact with our website, or other websites. This may affect or not allow you to log in to our and other networks&#8217; programs, websites, or forums.<\/p>\r\n<p>&nbsp;<\/p>\r\n<h3>Links to third-party Sites<\/h3>\r\n<p>Blue Sites Telco has links to other websites, which in our view may contain useful information\/tools for our visitors. Our privacy policy is not applied to third-party websites, so if you visit another website from ours you should read your privacy policy.<\/p>\r\n<p>We are not responsible for the privacy policy or content present on those same sites.<\/p>\r\n<p>&nbsp;<\/p>\r\n<h3>Contacts<\/h3>\r\n<p>The entity responsible for the collection and processing of personal data is Blue Sites Telco. If you have any questions about our privacy policy or the information we have about you, contact us using the email <a href=\"mailto:data@bluesites.pt\" target=\"_blank\" rel=\"noopener noreferrer\">data@bluesites.pt<\/a>\u00a0<\/p>\r\n[\/vc_column_text][\/vc_column][\/vc_row][vc_row css=&#8221;.vc_custom_1575280912353{margin-bottom: 0px !important;}&#8221;][vc_column][vc_empty_space height=&#8221;65px&#8221;][\/vc_column][\/vc_row]<!-- \/wp:post-content --><\/div>","protected":false},"excerpt":{"rendered":"<p>Todas as suas informa\u00e7\u00f5es pessoais recolhidas, ser\u00e3o usadas para o ajudar a tornar a sua visita no nosso site o mais produtiva e agrad\u00e1vel poss\u00edvel. A garantia da confidencialidade dos dados pessoais dos utilizadores do nosso site \u00e9 importante para a Blue Sites Telco. Todas as informa\u00e7\u00f5es pessoais relativas a membros, assinantes, clientes ou visitantes<br \/><a href=\"https:\/\/bluesites.pt\/en\/privacy-policy\/\" class=\"more\">Read more<\/a><\/p>\n","protected":false},"author":3,"featured_media":0,"parent":0,"menu_order":0,"comment_status":"closed","ping_status":"open","template":"","meta":{"_acf_changed":false,"footnotes":""},"class_list":["post-3","page","type-page","status-publish","hentry"],"acf":[],"yoast_head":"<!-- This site is optimized with the Yoast SEO plugin v27.4 - https:\/\/yoast.com\/product\/yoast-seo-wordpress\/ -->\n<title>Privacy Policy - Blue Sites<\/title>\n<meta name=\"robots\" content=\"index, follow, max-snippet:-1, max-image-preview:large, max-video-preview:-1\" \/>\n<link rel=\"canonical\" href=\"https:\/\/bluesites.pt\/politica-de-privacidade\/\" \/>\n<meta property=\"og:locale\" content=\"en_US\" \/>\n<meta property=\"og:type\" content=\"article\" \/>\n<meta property=\"og:title\" content=\"Privacy Policy - Blue Sites\" \/>\n<meta property=\"og:description\" content=\"Todas as suas informa\u00e7\u00f5es pessoais recolhidas, ser\u00e3o usadas para o ajudar a tornar a sua visita no nosso site o mais produtiva e agrad\u00e1vel poss\u00edvel. A garantia da confidencialidade dos dados pessoais dos utilizadores do nosso site \u00e9 importante para a Blue Sites Telco. Todas as informa\u00e7\u00f5es pessoais relativas a membros, assinantes, clientes ou visitantesRead more\" \/>\n<meta property=\"og:url\" content=\"https:\/\/bluesites.pt\/politica-de-privacidade\/\" \/>\n<meta property=\"og:site_name\" content=\"Blue Sites\" \/>\n<meta property=\"article:modified_time\" content=\"2023-12-18T17:44:27+00:00\" \/>\n<meta name=\"twitter:card\" content=\"summary_large_image\" \/>\n<meta name=\"twitter:label1\" content=\"Est. reading time\" \/>\n\t<meta name=\"twitter:data1\" content=\"2 minutes\" \/>\n<script type=\"application\/ld+json\" class=\"yoast-schema-graph\">{\"@context\":\"https:\\\/\\\/schema.org\",\"@graph\":[{\"@type\":\"WebPage\",\"@id\":\"https:\\\/\\\/bluesites.pt\\\/politica-de-privacidade\\\/\",\"url\":\"https:\\\/\\\/bluesites.pt\\\/politica-de-privacidade\\\/\",\"name\":\"Privacy Policy - Blue Sites\",\"isPartOf\":{\"@id\":\"https:\\\/\\\/bluesites.pt\\\/#website\"},\"datePublished\":\"2019-09-12T11:07:48+00:00\",\"dateModified\":\"2023-12-18T17:44:27+00:00\",\"breadcrumb\":{\"@id\":\"https:\\\/\\\/bluesites.pt\\\/politica-de-privacidade\\\/#breadcrumb\"},\"inLanguage\":\"en-US\",\"potentialAction\":[{\"@type\":\"ReadAction\",\"target\":[\"https:\\\/\\\/bluesites.pt\\\/politica-de-privacidade\\\/\"]}]},{\"@type\":\"BreadcrumbList\",\"@id\":\"https:\\\/\\\/bluesites.pt\\\/politica-de-privacidade\\\/#breadcrumb\",\"itemListElement\":[{\"@type\":\"ListItem\",\"position\":1,\"name\":\"In\u00edcio\",\"item\":\"https:\\\/\\\/bluesites.pt\\\/\"},{\"@type\":\"ListItem\",\"position\":2,\"name\":\"Pol\u00edtica de Privacidade\"}]},{\"@type\":\"WebSite\",\"@id\":\"https:\\\/\\\/bluesites.pt\\\/#website\",\"url\":\"https:\\\/\\\/bluesites.pt\\\/\",\"name\":\"Blue Sites\",\"description\":\"Telco Infrastructure Development Company\",\"potentialAction\":[{\"@type\":\"SearchAction\",\"target\":{\"@type\":\"EntryPoint\",\"urlTemplate\":\"https:\\\/\\\/bluesites.pt\\\/?s={search_term_string}\"},\"query-input\":{\"@type\":\"PropertyValueSpecification\",\"valueRequired\":true,\"valueName\":\"search_term_string\"}}],\"inLanguage\":\"en-US\"}]}<\/script>\n<!-- \/ Yoast SEO plugin. -->","yoast_head_json":{"title":"Privacy Policy - Blue Sites","robots":{"index":"index","follow":"follow","max-snippet":"max-snippet:-1","max-image-preview":"max-image-preview:large","max-video-preview":"max-video-preview:-1"},"canonical":"https:\/\/bluesites.pt\/politica-de-privacidade\/","og_locale":"en_US","og_type":"article","og_title":"Privacy Policy - Blue Sites","og_description":"Todas as suas informa\u00e7\u00f5es pessoais recolhidas, ser\u00e3o usadas para o ajudar a tornar a sua visita no nosso site o mais produtiva e agrad\u00e1vel poss\u00edvel. A garantia da confidencialidade dos dados pessoais dos utilizadores do nosso site \u00e9 importante para a Blue Sites Telco. Todas as informa\u00e7\u00f5es pessoais relativas a membros, assinantes, clientes ou visitantesRead more","og_url":"https:\/\/bluesites.pt\/politica-de-privacidade\/","og_site_name":"Blue Sites","article_modified_time":"2023-12-18T17:44:27+00:00","twitter_card":"summary_large_image","twitter_misc":{"Est. reading time":"2 minutes"},"schema":{"@context":"https:\/\/schema.org","@graph":[{"@type":"WebPage","@id":"https:\/\/bluesites.pt\/politica-de-privacidade\/","url":"https:\/\/bluesites.pt\/politica-de-privacidade\/","name":"Privacy Policy - Blue Sites","isPartOf":{"@id":"https:\/\/bluesites.pt\/#website"},"datePublished":"2019-09-12T11:07:48+00:00","dateModified":"2023-12-18T17:44:27+00:00","breadcrumb":{"@id":"https:\/\/bluesites.pt\/politica-de-privacidade\/#breadcrumb"},"inLanguage":"en-US","potentialAction":[{"@type":"ReadAction","target":["https:\/\/bluesites.pt\/politica-de-privacidade\/"]}]},{"@type":"BreadcrumbList","@id":"https:\/\/bluesites.pt\/politica-de-privacidade\/#breadcrumb","itemListElement":[{"@type":"ListItem","position":1,"name":"In\u00edcio","item":"https:\/\/bluesites.pt\/"},{"@type":"ListItem","position":2,"name":"Pol\u00edtica de Privacidade"}]},{"@type":"WebSite","@id":"https:\/\/bluesites.pt\/#website","url":"https:\/\/bluesites.pt\/","name":"Blue Sites","description":"Telco Infrastructure Development Company","potentialAction":[{"@type":"SearchAction","target":{"@type":"EntryPoint","urlTemplate":"https:\/\/bluesites.pt\/?s={search_term_string}"},"query-input":{"@type":"PropertyValueSpecification","valueRequired":true,"valueName":"search_term_string"}}],"inLanguage":"en-US"}]}},"_links":{"self":[{"href":"https:\/\/bluesites.pt\/en\/wp-json\/wp\/v2\/pages\/3","targetHints":{"allow":["GET"]}}],"collection":[{"href":"https:\/\/bluesites.pt\/en\/wp-json\/wp\/v2\/pages"}],"about":[{"href":"https:\/\/bluesites.pt\/en\/wp-json\/wp\/v2\/types\/page"}],"author":[{"embeddable":true,"href":"https:\/\/bluesites.pt\/en\/wp-json\/wp\/v2\/users\/3"}],"replies":[{"embeddable":true,"href":"https:\/\/bluesites.pt\/en\/wp-json\/wp\/v2\/comments?post=3"}],"version-history":[{"count":0,"href":"https:\/\/bluesites.pt\/en\/wp-json\/wp\/v2\/pages\/3\/revisions"}],"wp:attachment":[{"href":"https:\/\/bluesites.pt\/en\/wp-json\/wp\/v2\/media?parent=3"}],"curies":[{"name":"wp","href":"https:\/\/api.w.org\/{rel}","templated":true}]}}